{"id":443,"date":"2022-09-06T02:59:36","date_gmt":"2022-09-05T19:59:36","guid":{"rendered":"https:\/\/ssglove.vn\/about-us\/we-are-ssg\/"},"modified":"2022-11-09T17:04:54","modified_gmt":"2022-11-09T10:04:54","slug":"chung-toi-la-ssglove","status":"publish","type":"page","link":"https:\/\/ssglove.vn\/vi\/chung-toi-la-ssglove\/","title":{"rendered":"Ch\u00fang t\u00f4i l\u00e0 S&#038;S Glove"},"content":{"rendered":"","protected":false},"excerpt":{"rendered":"","protected":false},"author":1,"featured_media":0,"parent":0,"menu_order":0,"comment_status":"closed","ping_status":"closed","template":"page-weAreSSG.php","meta":[],"acf":[],"_links":{"self":[{"href":"https:\/\/ssglove.vn\/vi\/wp-json\/wp\/v2\/pages\/443"}],"collection":[{"href":"https:\/\/ssglove.vn\/vi\/wp-json\/wp\/v2\/pages"}],"about":[{"href":"https:\/\/ssglove.vn\/vi\/wp-json\/wp\/v2\/types\/page"}],"author":[{"embeddable":true,"href":"https:\/\/ssglove.vn\/vi\/wp-json\/wp\/v2\/users\/1"}],"replies":[{"embeddable":true,"href":"https:\/\/ssglove.vn\/vi\/wp-json\/wp\/v2\/comments?post=443"}],"version-history":[{"count":17,"href":"https:\/\/ssglove.vn\/vi\/wp-json\/wp\/v2\/pages\/443\/revisions"}],"predecessor-version":[{"id":2144,"href":"https:\/\/ssglove.vn\/vi\/wp-json\/wp\/v2\/pages\/443\/revisions\/2144"}],"wp:attachment":[{"href":"https:\/\/ssglove.vn\/vi\/wp-json\/wp\/v2\/media?parent=443"}],"curies":[{"name":"wp","href":"https:\/\/api.w.org\/{rel}","templated":true}]}}